{"id":32429,"date":"2023-05-01T19:18:22","date_gmt":"2023-05-01T23:18:22","guid":{"rendered":"http:\/\/www.bunchofdorks.com\/twodimensionpodcast\/?page_id=32429"},"modified":"2023-05-01T22:01:41","modified_gmt":"2023-05-02T02:01:41","slug":"dons-reading-list","status":"publish","type":"page","link":"http:\/\/www.bunchofdorks.com\/twodimensionpodcast\/reading-list\/dons-reading-list\/","title":{"rendered":"Don&#8217;s Reading List"},"content":{"rendered":"<div class=\"wp-block-image is-style-default\">\n<figure class=\"alignleft\"><a href=\"http:\/\/www.bunchofdorks.com\/twodimensionpodcast\/reading-list\/dons-reading-list\/theincal1_zpsqcwzzsqu\/\" rel=\"attachment wp-att-9417\"><img loading=\"lazy\" decoding=\"async\" width=\"216\" height=\"291\" src=\"http:\/\/www.bunchofdorks.com\/twodimensionpodcast\/files\/2016\/11\/theincal1_zpsqcwzzsqu.jpg\" alt=\"\" class=\"wp-image-9417\" \/><\/a><\/figure>\n<\/div>\n\n\n<p class=\"has-text-align-left\"><strong><a href=\"https:\/\/www.amazon.com\/Incal-Alexandro-Jodorowsky\/dp\/1594650934\/ref=sr_1_1?ie=UTF8&amp;qid=1479871620&amp;sr=8-1&amp;keywords=The+Incal\">The Incal<\/a><br><\/strong><em>Quite simply one of the most perfect<br>comics ever conceived and probably<br>the most beautiful piece of graphic<br>literature ever drawn. The Sci-Fi<br>masterpiece by <a href=\"https:\/\/www.artfutura.org\/v3\/en\/moebius\/\"><strong>Moebius<\/strong><\/a> and<br><a href=\"https:\/\/en.wikipedia.org\/wiki\/Alejandro_Jodorowsky\"><strong>Jodorowsky<\/strong><\/a> about the tribulations<br>of the shabby detective John Difool<br>as he searches for the precious and<br>coveted Incal. A low-class detective in<br>a degenerate dystopian world, finds<br>his life turned upside down when he<br>discovers an ancient, mystical artifact called The Incal.<\/em><strong><br><\/strong><\/p>\n\n\n<div class=\"wp-block-image is-style-default\">\n<figure class=\"alignleft\"><a href=\"http:\/\/www.bunchofdorks.com\/twodimensionpodcast\/reading-list\/dons-reading-list\/heartbreaksoup1_zpsqu8qwusa\/\" rel=\"attachment wp-att-9418\"><img loading=\"lazy\" decoding=\"async\" width=\"216\" height=\"269\" src=\"http:\/\/www.bunchofdorks.com\/twodimensionpodcast\/files\/2016\/11\/heartbreaksoup1_zpsqu8qwusa.jpg\" alt=\"\" class=\"wp-image-9418\" \/><\/a><\/figure>\n<\/div>\n\n\n<p class=\"has-text-align-left\"><strong><a href=\"https:\/\/www.amazon.com\/Heartbreak-Soup-Rockets-Gilbert-Hernandez\/dp\/1560977833\/ref=sr_1_1?ie=UTF8&amp;qid=1479871670&amp;sr=8-1&amp;keywords=Love+And+Rockets%3A+Heartbreak+Soup\">Love And Rockets: Heartbreak Soup<\/a><br><\/strong><em>This volume collects the first half of <a href=\"https:\/\/www.comicstavern.com\/10-questions-with-gilbert-hernandez\/\"><strong>Gilbert Hernandez&#8217;s<\/strong><\/a> acclaimed magical-realist<br>tales of &#8220;Palomar,&#8221; the small Central<br>American town, beginning with the<br>groundbreaking &#8220;Sopa de Gran Pena&#8221;<br>(which introduces most of his main<br>cast of characters as children, plus<br>the imposing newcomer Luba),<br>and continuing on through such<br>modern-day classics as &#8220;Ecce Homo,&#8221;<br>&#8220;Act of Contrition,&#8221; &#8220;Duck Feet,&#8221; and the<br>great love story &#8220;For the Love of Carmen.&#8221;<\/em><\/p>\n\n\n<div class=\"wp-block-image is-style-default\">\n<figure class=\"alignleft\"><a href=\"http:\/\/www.bunchofdorks.com\/twodimensionpodcast\/reading-list\/dons-reading-list\/valerian1_zpsszsyqnzn\/\" rel=\"attachment wp-att-9420\"><img loading=\"lazy\" decoding=\"async\" width=\"216\" height=\"286\" src=\"http:\/\/www.bunchofdorks.com\/twodimensionpodcast\/files\/2016\/11\/valerian1_zpsszsyqnzn.jpg\" alt=\"\" class=\"wp-image-9420\" \/><\/a><\/figure>\n<\/div>\n\n\n<p class=\"has-text-align-left\"><strong><a href=\"https:\/\/www.amazon.com\/Ambassador-Shadows-Valerian-Pierre-Christin\/dp\/1849181780\/ref=sr_1_1?ie=UTF8&amp;qid=1479869721&amp;sr=8-1&amp;keywords=Valerian%3A+Ambassador+Of+The+Shadows\">Valerian: Ambassador Of The Shadows<\/a><br><\/strong><em>Point Central is a multicultural space station<br>that serves as a sort of United Nations to<br>the galaxy. Tasked with protecting the new ambassador from Earth, Valerian is kidnapped alongside his charge in a lightning commando attack. It\u2019s up to Laureline to do all the heavy<br>lifting and slog through the seedy bowels of<br>the station as she tries to locate and rescue them\u2014and figure out who kidnapped them<br>and why. Written by <span class=\"author notFaded\"> <span class=\"a-declarative\"><a href=\"https:\/\/www.lambiek.net\/artists\/c\/christin_pierre.htm\"><strong> Pierre Christin<\/strong><\/a>&nbsp;<\/span><span class=\"contribution\"><span class=\"a-color-secondary\">and<br>illustrated by <\/span><\/span><\/span><span class=\"author notFaded\"><a href=\"https:\/\/www.lambiek.net\/artists\/m\/mezieres.htm\"><strong>Jean-Claude Mezieres<\/strong><\/a>. If you<br>only read one, then read this.<\/span><strong><br><\/strong><\/em><\/p>\n\n\n<div class=\"wp-block-image is-style-default\">\n<figure class=\"alignleft\"><a href=\"http:\/\/www.bunchofdorks.com\/twodimensionpodcast\/reading-list\/dons-reading-list\/lonewolf1_zps8ss44wsi\/\" rel=\"attachment wp-att-9421\"><img loading=\"lazy\" decoding=\"async\" width=\"216\" height=\"305\" src=\"http:\/\/www.bunchofdorks.com\/twodimensionpodcast\/files\/2016\/11\/lonewolf1_zps8ss44wsi.jpg\" alt=\"\" class=\"wp-image-9421\" srcset=\"http:\/\/www.bunchofdorks.com\/twodimensionpodcast\/files\/2016\/11\/lonewolf1_zps8ss44wsi.jpg 216w, http:\/\/www.bunchofdorks.com\/twodimensionpodcast\/files\/2016\/11\/lonewolf1_zps8ss44wsi-212x300.jpg 212w\" sizes=\"auto, (max-width: 216px) 100vw, 216px\" \/><\/a><\/figure>\n<\/div>\n\n\n<p class=\"has-text-align-left\"><strong><a href=\"https:\/\/www.amazon.com\/Lone-Wolf-Cub-Omnibus-1\/dp\/1616551348\/ref=sr_1_2?ie=UTF8&amp;qid=1479870192&amp;sr=8-2&amp;keywords=lone+wolf+and+cub\">Lone Wolf And Cub<br><\/a><\/strong><i>Lone Wolf and Cub<\/i> chronicles the story of<br>Ogami Itt\u014d, the Shogun&#8217;s executioner who<br>uses a d\u014dtanuki battle sword. Disgraced<br>by false accusations from the Yagy\u016b clan,<br>he is forced to take the path of the assassin.<br>Along with his three-year-old son, Daigor\u014d,<br>they seek revenge on the Yagy\u016b clan and are known as &#8220;Lone Wolf and Cub&#8221;. <em>A samurai epic<br>of staggering proportions written by <a href=\"https:\/\/www.cbr.com\/kazuo-koike-must-read-mangas\/\"><strong>Kazuo<br>Koike<\/strong><\/a> and the groundbreaking cinematic<br>visuals of<a href=\"https:\/\/www.lambiek.net\/artists\/k\/kojima_goseki.htm\"><strong> Goseki Kojima<\/strong><\/a> create a<br>graphic-fiction masterpiece of beauty,<br>fury, and&nbsp; thematic power.<strong><br><\/strong><\/em><\/p>\n\n\n<div class=\"wp-block-image is-style-default\">\n<figure class=\"alignleft\"><a href=\"http:\/\/www.bunchofdorks.com\/twodimensionpodcast\/reading-list\/dons-reading-list\/carlbarksus\/\" rel=\"attachment wp-att-17577\"><img loading=\"lazy\" decoding=\"async\" width=\"216\" height=\"297\" src=\"http:\/\/www.bunchofdorks.com\/twodimensionpodcast\/files\/2018\/04\/carlbarksus.jpg\" alt=\"\" class=\"wp-image-17577\" \/><\/a><\/figure>\n<\/div>\n\n\n<p><strong><span id=\"productTitle\" class=\"a-size-large\"><a href=\"https:\/\/www.amazon.com\/Walt-Disneys-Uncle-Scrooge-Complete\/dp\/1606995359\/ref=sr_1_2?ie=UTF8&amp;qid=1523585350&amp;sr=8-2&amp;keywords=uncle+scrooge+carl+barks\">Donald Duck &amp; Uncle Scrooge By Carl Barks<\/a><br><\/span><a href=\"https:\/\/www.lambiek.net\/artists\/b\/barks.htm\">Carl Barks<\/a><\/strong> was an American comic book creator, undoubtedly one of the biggest figureheads of the 9th art. In the Duckverse, he is credited for the invention of Duckburg, Scrooge McDuck, Gyro Gearloose, Gladstone Gander, the Beagle Boys, the Junior Woodchucks, Magica De Spell and Flintheart Glomgold. His images and stories have become part of worldwide consciousness, even transcending his mediums, and have influenced the thought and work of countless other artists.<\/p>\n\n\n\n<p>The most popular and widely-read artist-writer in the world&#8230; is one about whom most people have never heard.<\/p>\n\n\n<div class=\"wp-block-image is-style-default\">\n<figure class=\"alignleft\"><a href=\"http:\/\/www.bunchofdorks.com\/twodimensionpodcast\/reading-list\/dons-reading-list\/mai1_zpsnm8iebio\/\" rel=\"attachment wp-att-9419\"><img loading=\"lazy\" decoding=\"async\" width=\"216\" height=\"266\" src=\"http:\/\/www.bunchofdorks.com\/twodimensionpodcast\/files\/2016\/11\/mai1_zpsnm8iebio.jpg\" alt=\"\" class=\"wp-image-9419\" \/><\/a><\/figure>\n<\/div>\n\n\n<p><strong><a href=\"https:\/\/www.amazon.com\/Mai-Psychic-Girl-Perfect-Collection\/dp\/156931070X\/ref=sr_1_1?s=books&amp;ie=UTF8&amp;qid=1479869407&amp;sr=1-1&amp;keywords=Mai+The+Psychic+Girl%3A+Perfect+Collection\">Mai: The Psychic Girl<\/a><br><\/strong>Written by <a href=\"https:\/\/www.animenewsnetwork.com\/encyclopedia\/people.php?id=23812\"><strong>Kazuya Kud\u014d<\/strong><\/a> and illustrated<br>by <a href=\"https:\/\/www.lambiek.net\/artists\/i\/ikegami_ryoichi.htm\"><strong>Ryoichi Ikegami<\/strong><\/a>. The main character<br>is Mai Kuju, a 14-year-old Japanese girl<br>with powerful psychic abilities. Mai is a normal teenaged girl in every way but one\u2014she has strong telekinetic powers. She has always viewed this unusual talent as a game, something to amuse herself with when she&#8217;s bored&#8230; until she gets a high score on a test designed to find those with psychic abilities, bringing her to the attention of a shadowy organization who want to use her powers for their own gain. Suddenly, she must leave her normal life behind and go on the run, using her powers\u2014which she still doesn&#8217;t have complete control over\u2014to stay one step ahead of her would-be captors.<\/p>\n\n\n<div class=\"wp-block-image is-style-default\">\n<figure class=\"alignleft\"><a href=\"http:\/\/www.bunchofdorks.com\/twodimensionpodcast\/reading-list\/dons-reading-list\/cartoonhistory1_zpsi0qltrkp\/\" rel=\"attachment wp-att-9422\"><img loading=\"lazy\" decoding=\"async\" width=\"216\" height=\"294\" src=\"http:\/\/www.bunchofdorks.com\/twodimensionpodcast\/files\/2016\/11\/cartoonhistory1_zpsi0qltrkp.jpg\" alt=\"\" class=\"wp-image-9422\" \/><\/a><\/figure>\n<\/div>\n\n\n<p class=\"has-text-align-left\"><strong><a href=\"https:\/\/www.amazon.com\/Cartoon-History-Universe-III-Renaissance\/dp\/0393324036\/ref=sr_1_1?ie=UTF8&amp;qid=1479870570&amp;sr=8-1&amp;keywords=The+Cartoon+History+Of+The+Universe+III\">The Cartoon History Of The Universe III<\/a><br><\/strong><em><a href=\"https:\/\/www.lambiek.net\/artists\/g\/gonick_larry.htm\"><strong>Larry Gonick&#8217;s<\/strong><\/a> Celebrated Series The Cartoon History of the Universe is a unique fusion of world history and the comics medium, a work of serious scholarship and a masterpiece of popular literature. Praised by historians as a narrative and interpretive tour be force, Gonick&#8217;s clever illustrations deliver important information with a deceptively light tone, reaching us about the people and events that have shaped our world.This volume covers the Middle Ages around the globe, including the origin and spread of Islam; West Africa and the cross-Saharan trade; Central Asia and the Byzantine Empire; the European Dark Ages and the Crusades; the Mongol conquests; the Black Death; the Ottoman Empire; the Italian Renaissance; and the rise of Spain, leading up to Columbus&#8217;s departure for the New World. Highlighting key events and retrieving oft-neglected historical connections<strong>.<\/strong><\/em><strong><br><\/strong><\/p>\n\n\n<div class=\"wp-block-image is-style-default\">\n<figure class=\"alignleft\"><a href=\"http:\/\/www.bunchofdorks.com\/twodimensionpodcast\/reading-list\/dons-reading-list\/groo1\/\" rel=\"attachment wp-att-9423\"><img loading=\"lazy\" decoding=\"async\" width=\"216\" height=\"291\" src=\"http:\/\/www.bunchofdorks.com\/twodimensionpodcast\/files\/2016\/11\/groo1.jpg\" alt=\"\" class=\"wp-image-9423\" \/><\/a><\/figure>\n<\/div>\n\n\n<p class=\"has-text-align-left\"><strong><a href=\"https:\/\/www.amazon.com\/Life-Groo-Mark-Evanier\/dp\/0936211520\/ref=sr_1_fkmr0_1?ie=UTF8&amp;qid=1479872085&amp;sr=8-1-fkmr0&amp;keywords=The+Life+Of+Groo+The+Wanderer\">The Life Of Groo The Wanderer<\/a><br><\/strong><em>He first appeared as a parody of the brutal sword and sorcery heroes who were popular in the 1970s. Groo is a large-nosed buffoon of unsurpassed stupidity who constantly misunderstands his surroundings. Possessed of superlative skills in swordsmanship (the only task at which he is remotely competent) he delights in combat but otherwise is a peaceable and honest fellow who tries to make his way through life as a mercenary or by working odd jobs. He is incredibly accident-prone, and despite generally good intentions causes mass destruction wherever he goes. <\/em><em>If you only read one, this is a good start.<\/em><strong><br><\/strong><\/p>\n\n\n<div class=\"wp-block-image is-style-default\">\n<figure class=\"alignleft\"><a href=\"http:\/\/www.bunchofdorks.com\/twodimensionpodcast\/reading-list\/dons-reading-list\/grasscutter1_zpsohpzd4ze\/\" rel=\"attachment wp-att-9424\"><img loading=\"lazy\" decoding=\"async\" width=\"216\" height=\"326\" src=\"http:\/\/www.bunchofdorks.com\/twodimensionpodcast\/files\/2016\/11\/grasscutter1_zpsohpzd4ze.jpg\" alt=\"\" class=\"wp-image-9424\" srcset=\"http:\/\/www.bunchofdorks.com\/twodimensionpodcast\/files\/2016\/11\/grasscutter1_zpsohpzd4ze.jpg 216w, http:\/\/www.bunchofdorks.com\/twodimensionpodcast\/files\/2016\/11\/grasscutter1_zpsohpzd4ze-199x300.jpg 199w\" sizes=\"auto, (max-width: 216px) 100vw, 216px\" \/><\/a><\/figure>\n<\/div>\n\n\n<p class=\"has-text-align-left\"><strong><a href=\"https:\/\/www.amazon.com\/Usagi-Yojimbo-12-Grasscutter-Paperback\/dp\/B00NPOET6E\/ref=sr_1_6?ie=UTF8&amp;qid=1479873618&amp;sr=8-6&amp;keywords=Usagi+Yojimbo+12\">Usagi Yojimbo: Grasscutter<\/a><br><\/strong><em>Forged in heaven, it is called <i>Kusanagi<\/i>, the Grasscutter&#8211;the lost sword of the Gods. This legendary blade could potentially tip the scales of power for the shadowy Conspiracy of Eight in their quest to overthrow the Shogunate and reinstate the Emperor. With the help of a witch and the souls of dead warriors, they plan to recover the lost sword and bring the Shogun down. But when the fates place the Grasscutter in the hands of masterless samurai Usagi Yojimbo, the <i>ronin<\/i> rabbit becomes the focus of a deadly struggle for possession of the dread blade. And this crisis pales beside the dark possibilities should the sword come to the demonic warrior, Jei! <\/em><br><strong><br><\/strong><\/p>\n\n\n<div class=\"wp-block-image is-style-default\">\n<figure class=\"alignleft\"><a href=\"http:\/\/www.bunchofdorks.com\/twodimensionpodcast\/reading-list\/dons-reading-list\/fantasticfourepic-2\/\" rel=\"attachment wp-att-17587\"><img loading=\"lazy\" decoding=\"async\" width=\"216\" height=\"332\" src=\"http:\/\/www.bunchofdorks.com\/twodimensionpodcast\/files\/2018\/04\/fantasticfourepic-1.jpg\" alt=\"\" class=\"wp-image-17587\" srcset=\"http:\/\/www.bunchofdorks.com\/twodimensionpodcast\/files\/2018\/04\/fantasticfourepic-1.jpg 216w, http:\/\/www.bunchofdorks.com\/twodimensionpodcast\/files\/2018\/04\/fantasticfourepic-1-195x300.jpg 195w\" sizes=\"auto, (max-width: 216px) 100vw, 216px\" \/><\/a><\/figure>\n<\/div>\n\n\n<p class=\"has-text-align-left\"><strong><span id=\"productTitle\" class=\"a-size-large\"><a href=\"https:\/\/www.amazon.com\/Fantastic-Four-Epic-Collection-Master\/dp\/1302904353\/ref=sr_1_3?s=books&amp;ie=UTF8&amp;qid=1523585720&amp;sr=1-3&amp;keywords=fantastic+four+jack+kirby#reader_B071YZXSXD\">Fantastic Four Epic Collection<\/a><br><\/span><\/strong><span id=\"productTitle\" class=\"a-size-large\"><em>The<\/em> <\/span><i>Fantastic Four<\/i>. World-shattering events, cosmic calamities, and struggles that were intimate and mortal, despite their otherworldly powers. <a href=\"https:\/\/www.lambiek.net\/artists\/k\/kirby.htm\"><strong>Jack Kirby<\/strong><\/a> is one of the most important creators in the history of comics, and the <i>Fantastic Four<\/i> is one of his greatest achievements. First published in 1961, the adventures of Mr. Fantastic, the Human Torch, the Invisible Girl and the ever-loving Thing introduced a bold new era in comics. Kirby\u2019s dynamic storytelling, coupled with <a href=\"https:\/\/en.wikipedia.org\/wiki\/Stan_Lee\"><strong>Stan Lee\u2019s<\/strong><\/a> poignant writing style, were unlike anything comic book readers had seen before\u2014it literally ushered in THE MARVEL AGE OF COMICS!<\/p>\n","protected":false},"excerpt":{"rendered":"<p>The IncalQuite simply one of the most perfectcomics ever conceived and probablythe most beautiful piece of graphicliterature ever drawn. The Sci-Fimasterpiece by Moebius andJodorowsky about the tribulationsof the shabby detective John Difoolas he searches for the precious andcoveted Incal. A &hellip; <a href=\"http:\/\/www.bunchofdorks.com\/twodimensionpodcast\/reading-list\/dons-reading-list\/\">Continue reading <span class=\"meta-nav\">&rarr;<\/span><\/a><\/p>\n","protected":false},"author":3,"featured_media":0,"parent":32436,"menu_order":2,"comment_status":"closed","ping_status":"closed","template":"","meta":{"footnotes":""},"class_list":["post-32429","page","type-page","status-publish","hentry"],"_links":{"self":[{"href":"http:\/\/www.bunchofdorks.com\/twodimensionpodcast\/wp-json\/wp\/v2\/pages\/32429","targetHints":{"allow":["GET"]}}],"collection":[{"href":"http:\/\/www.bunchofdorks.com\/twodimensionpodcast\/wp-json\/wp\/v2\/pages"}],"about":[{"href":"http:\/\/www.bunchofdorks.com\/twodimensionpodcast\/wp-json\/wp\/v2\/types\/page"}],"author":[{"embeddable":true,"href":"http:\/\/www.bunchofdorks.com\/twodimensionpodcast\/wp-json\/wp\/v2\/users\/3"}],"replies":[{"embeddable":true,"href":"http:\/\/www.bunchofdorks.com\/twodimensionpodcast\/wp-json\/wp\/v2\/comments?post=32429"}],"version-history":[{"count":2,"href":"http:\/\/www.bunchofdorks.com\/twodimensionpodcast\/wp-json\/wp\/v2\/pages\/32429\/revisions"}],"predecessor-version":[{"id":32457,"href":"http:\/\/www.bunchofdorks.com\/twodimensionpodcast\/wp-json\/wp\/v2\/pages\/32429\/revisions\/32457"}],"up":[{"embeddable":true,"href":"http:\/\/www.bunchofdorks.com\/twodimensionpodcast\/wp-json\/wp\/v2\/pages\/32436"}],"wp:attachment":[{"href":"http:\/\/www.bunchofdorks.com\/twodimensionpodcast\/wp-json\/wp\/v2\/media?parent=32429"}],"curies":[{"name":"wp","href":"https:\/\/api.w.org\/{rel}","templated":true}]}}